{"id":516,"date":"2025-06-24T17:00:00","date_gmt":"2025-06-24T17:00:00","guid":{"rendered":"http:\/\/kaptinlin.com\/themes\/striking\/"},"modified":"2025-07-14T13:33:00","modified_gmt":"2025-07-14T13:33:00","slug":"etusivu","status":"publish","type":"page","link":"https:\/\/www.studiotaikalyhty.fi\/newsite\/","title":{"rendered":"Studio Taikalyhty"},"content":{"rendered":"<div class=\"one\">\n<div class=\"page_content_wrapper\">\n<div class=\"inner\">\n<h4>T\u00e4n\u00e4\u00e4n arvokas, on huomisen rakkain muisto.<\/h4>\n<p><span style=\"font-size: 14.0pt; font-family: 'Candara','sans-serif';\">Studio Taikalyhty on koko perheen ihmisl\u00e4heinen Valokuvaamo.\u00a0<\/span><\/p>\n<p><span style=\"font-size: 14.0pt; font-family: 'Candara','sans-serif';\">Kuvaan perheenne muotokuvat vauvasta vaariin joko studiossa, milj\u00f6\u00f6ss\u00e4 tai juhlapaikalla!<\/span> \u00a0<\/p>\n<p><span style=\"font-size: 14.0pt; font-family: 'Candara','sans-serif';\">Haluan taltioida kuviinne aidon, teid\u00e4n n\u00e4k\u00f6isen tunnelman, jonka kuvamuistot s\u00e4ilyv\u00e4t vuosien p\u00e4\u00e4h\u00e4n.\u00a0<\/span><span style=\"font-size: 14.0pt; font-family: 'Candara','sans-serif';\">Otathan rohkeasti yhteytt\u00e4 niin suunnitellaan teid\u00e4n n\u00e4k\u00f6isenne kuvaus yhdess\u00e4.<\/span><\/p>\n<h5>Soita tai laita viesti\u00e4 050 5011569 \/\u00a0 <a href=\"mailto:studio@studiotaikalyhty.fi\">pia@studiotaikalyhty.fi<\/a><\/h5>\n<p><span style=\"font-size: 14.0pt; font-family: 'Candara','sans-serif';\">Perhekuvausten lis\u00e4ksi saat kauttani my\u00f6s passikuvat, lemmikkikuvat sek\u00e4 yrityksen henkil\u00f6st\u00f6 &#8211; ja mainoskuvaukset.<\/span><\/p>\n<\/div>\n<\/div>\n<\/div>\n\n\n<h2 class=\"wp-block-heading\">Kuvaukset<\/h2>\n\n\n\n<div class=\"wp-block-group\"><div class=\"wp-block-group__inner-container is-layout-flow wp-block-group-is-layout-flow\">\n<figure class=\"wp-block-gallery has-nested-images columns-default is-cropped wp-block-gallery-1 is-layout-flex wp-block-gallery-is-layout-flex\">\n<figure class=\"wp-block-image size-full\"><img loading=\"lazy\" decoding=\"async\" width=\"646\" height=\"807\" data-id=\"5197\" src=\"https:\/\/www.studiotaikalyhty.fi\/newsite\/wp-content\/uploads\/2025\/06\/DSC2320.jpg\" alt=\"\" class=\"wp-image-5197\" srcset=\"https:\/\/www.studiotaikalyhty.fi\/newsite\/wp-content\/uploads\/2025\/06\/DSC2320.jpg 646w, https:\/\/www.studiotaikalyhty.fi\/newsite\/wp-content\/uploads\/2025\/06\/DSC2320-240x300.jpg 240w\" sizes=\"auto, (max-width: 646px) 100vw, 646px\" \/><\/figure>\n\n\n\n<figure class=\"wp-block-image size-large\"><img loading=\"lazy\" decoding=\"async\" width=\"646\" height=\"968\" data-id=\"4530\" src=\"https:\/\/www.studiotaikalyhty.fi\/newsite\/wp-content\/uploads\/2021\/04\/DSC7458.jpg\" alt=\"\" class=\"wp-image-4530\" srcset=\"https:\/\/www.studiotaikalyhty.fi\/newsite\/wp-content\/uploads\/2021\/04\/DSC7458.jpg 646w, https:\/\/www.studiotaikalyhty.fi\/newsite\/wp-content\/uploads\/2021\/04\/DSC7458-200x300.jpg 200w\" sizes=\"auto, (max-width: 646px) 100vw, 646px\" \/><\/figure>\n\n\n\n<figure class=\"wp-block-image size-full\"><img loading=\"lazy\" decoding=\"async\" width=\"646\" height=\"807\" data-id=\"5198\" src=\"https:\/\/www.studiotaikalyhty.fi\/newsite\/wp-content\/uploads\/2025\/06\/DSC0730_JuuliJ.jpg\" alt=\"\" class=\"wp-image-5198\" srcset=\"https:\/\/www.studiotaikalyhty.fi\/newsite\/wp-content\/uploads\/2025\/06\/DSC0730_JuuliJ.jpg 646w, https:\/\/www.studiotaikalyhty.fi\/newsite\/wp-content\/uploads\/2025\/06\/DSC0730_JuuliJ-240x300.jpg 240w\" sizes=\"auto, (max-width: 646px) 100vw, 646px\" \/><\/figure>\n<\/figure>\n<\/div><\/div>\n\n\n\n<h3 class=\"wp-block-heading\"><a href=\"https:\/\/www.studiotaikalyhty.fi\/newsite\/lapsikuvat\/\" target=\"_blank\" rel=\"noreferrer noopener\" title=\"Lapsikuvaus\">Lapsikuvaus<\/a> ja perhekuvaus<\/h3>\n\n\n\n<p>Lapsuus on niin ainutkertaista ja lapset vaan niin suloisia, ett\u00e4 heit\u00e4 kannattaa kuvata paljon ja eri-ik\u00e4isin\u00e4! Samalla k\u00e4ynnill\u00e4 hoituu my\u00f6s sisaruskuvaus ja \/ tai perhekuvaus. N\u00e4it\u00e4 kuvia koko perhe rakastaa ! <a href=\"https:\/\/www.studiotaikalyhty.fi\/newsite\/2020\/04\/4013\" title=\"Lue lis\u00e4\u00e4\">Lue lis\u00e4\u00e4<\/a><\/p>\n\n\n\n<p><\/p>\n\n\n\n<figure class=\"wp-block-image size-large is-resized\"><img loading=\"lazy\" decoding=\"async\" width=\"968\" height=\"646\" src=\"https:\/\/www.studiotaikalyhty.fi\/newsite\/wp-content\/uploads\/2021\/04\/DSC0223.jpg\" alt=\"\" class=\"wp-image-4567\" style=\"width:626px;height:418px\" srcset=\"https:\/\/www.studiotaikalyhty.fi\/newsite\/wp-content\/uploads\/2021\/04\/DSC0223.jpg 968w, https:\/\/www.studiotaikalyhty.fi\/newsite\/wp-content\/uploads\/2021\/04\/DSC0223-300x200.jpg 300w, https:\/\/www.studiotaikalyhty.fi\/newsite\/wp-content\/uploads\/2021\/04\/DSC0223-768x513.jpg 768w\" sizes=\"auto, (max-width: 968px) 100vw, 968px\" \/><\/figure>\n\n\n\n<p><\/p>\n\n\n\n<p><\/p>\n\n\n\n<h3 class=\"wp-block-heading\"><a href=\"https:\/\/www.studiotaikalyhty.fi\/newsite\/2020\/05\/4233\/\" target=\"_blank\" rel=\"noreferrer noopener\" title=\"Ylioppilaskuvaus\">Ylioppilaskuvaus<\/a> \/ valmistujaiskuvaus<\/h3>\n\n\n\n<p>Onnea uusi ylioppilas! Valmistaudu juhlaan ja varaa aika my\u00f6s kuvaukseen!<\/p>\n\n\n\n<figure class=\"wp-block-gallery has-nested-images columns-default is-cropped wp-block-gallery-2 is-layout-flex wp-block-gallery-is-layout-flex\">\n<figure class=\"wp-block-image size-large\"><a href=\"https:\/\/www.studiotaikalyhty.fi\/newsite\/valmistujaiskuvat\/\"><img loading=\"lazy\" decoding=\"async\" width=\"591\" height=\"759\" data-id=\"4470\" src=\"https:\/\/www.studiotaikalyhty.fi\/newsite\/wp-content\/uploads\/2021\/04\/DSC4501.jpg\" alt=\"\" class=\"wp-image-4470\" srcset=\"https:\/\/www.studiotaikalyhty.fi\/newsite\/wp-content\/uploads\/2021\/04\/DSC4501.jpg 591w, https:\/\/www.studiotaikalyhty.fi\/newsite\/wp-content\/uploads\/2021\/04\/DSC4501-234x300.jpg 234w\" sizes=\"auto, (max-width: 591px) 100vw, 591px\" \/><\/a><\/figure>\n\n\n\n<figure class=\"wp-block-image size-large\"><img loading=\"lazy\" decoding=\"async\" width=\"512\" height=\"640\" data-id=\"4468\" src=\"https:\/\/www.studiotaikalyhty.fi\/newsite\/wp-content\/uploads\/2021\/04\/DSC4435.jpg\" alt=\"\" class=\"wp-image-4468\" srcset=\"https:\/\/www.studiotaikalyhty.fi\/newsite\/wp-content\/uploads\/2021\/04\/DSC4435.jpg 512w, https:\/\/www.studiotaikalyhty.fi\/newsite\/wp-content\/uploads\/2021\/04\/DSC4435-240x300.jpg 240w\" sizes=\"auto, (max-width: 512px) 100vw, 512px\" \/><\/figure>\n\n\n\n<figure class=\"wp-block-image size-large\"><img loading=\"lazy\" decoding=\"async\" width=\"517\" height=\"647\" data-id=\"4469\" src=\"https:\/\/www.studiotaikalyhty.fi\/newsite\/wp-content\/uploads\/2021\/04\/DSC4462.jpg\" alt=\"\" class=\"wp-image-4469\" srcset=\"https:\/\/www.studiotaikalyhty.fi\/newsite\/wp-content\/uploads\/2021\/04\/DSC4462.jpg 517w, https:\/\/www.studiotaikalyhty.fi\/newsite\/wp-content\/uploads\/2021\/04\/DSC4462-240x300.jpg 240w\" sizes=\"auto, (max-width: 517px) 100vw, 517px\" \/><\/figure>\n<figcaption class=\"blocks-gallery-caption wp-element-caption\"><br><\/figcaption><\/figure>\n\n\n\n<p><a href=\"https:\/\/www.studiotaikalyhty.fi\/newsite\/2020\/05\/4233\/\" title=\"Lue lis\u00e4\u00e4\">Lue lis\u00e4\u00e4<\/a> <\/p>\n\n\n\n<h4 class=\"wp-block-heading\"><\/h4>\n\n\n\n<h4 class=\"wp-block-heading\">Lahjakortti valokuvaukseen &#8211;<\/h4>\n\n\n\n<p>Muista juhlijaa valokuvauslahjakortilla!<\/p>\n\n\n\n<h3 class=\"wp-block-heading\"><a href=\"https:\/\/www.studiotaikalyhty.fi\/newsite\/valmistujaiskuvat\/\" rel=\"nofollow\" title=\"Rippikuvaus\">Rippikuvaus<\/a><\/h3>\n\n\n\n<figure class=\"wp-block-gallery has-nested-images columns-default is-cropped wp-block-gallery-3 is-layout-flex wp-block-gallery-is-layout-flex\">\n<figure class=\"wp-block-image size-large\"><img loading=\"lazy\" decoding=\"async\" width=\"646\" height=\"861\" data-id=\"4512\" src=\"https:\/\/www.studiotaikalyhty.fi\/newsite\/wp-content\/uploads\/2021\/04\/DSC3510.jpg\" alt=\"\" class=\"wp-image-4512\" srcset=\"https:\/\/www.studiotaikalyhty.fi\/newsite\/wp-content\/uploads\/2021\/04\/DSC3510.jpg 646w, https:\/\/www.studiotaikalyhty.fi\/newsite\/wp-content\/uploads\/2021\/04\/DSC3510-225x300.jpg 225w\" sizes=\"auto, (max-width: 646px) 100vw, 646px\" \/><\/figure>\n\n\n\n<figure class=\"wp-block-image size-full\"><img loading=\"lazy\" decoding=\"async\" width=\"652\" height=\"817\" data-id=\"4509\" src=\"https:\/\/www.studiotaikalyhty.fi\/newsite\/wp-content\/uploads\/2021\/04\/DSC3478.jpg\" alt=\"\" class=\"wp-image-4509\" srcset=\"https:\/\/www.studiotaikalyhty.fi\/newsite\/wp-content\/uploads\/2021\/04\/DSC3478.jpg 652w, https:\/\/www.studiotaikalyhty.fi\/newsite\/wp-content\/uploads\/2021\/04\/DSC3478-239x300.jpg 239w\" sizes=\"auto, (max-width: 652px) 100vw, 652px\" \/><\/figure>\n\n\n\n<figure class=\"wp-block-image size-large\"><img loading=\"lazy\" decoding=\"async\" width=\"652\" height=\"817\" data-id=\"4511\" src=\"https:\/\/www.studiotaikalyhty.fi\/newsite\/wp-content\/uploads\/2021\/04\/DSC3502.jpg\" alt=\"\" class=\"wp-image-4511\" srcset=\"https:\/\/www.studiotaikalyhty.fi\/newsite\/wp-content\/uploads\/2021\/04\/DSC3502.jpg 652w, https:\/\/www.studiotaikalyhty.fi\/newsite\/wp-content\/uploads\/2021\/04\/DSC3502-239x300.jpg 239w\" sizes=\"auto, (max-width: 652px) 100vw, 652px\" \/><\/figure>\n<\/figure>\n\n\n\n<p><\/p>\n\n\n\n<h3 class=\"wp-block-heading\"><a href=\"https:\/\/www.studiotaikalyhty.fi\/newsite\/muotokuvat\/\" title=\"Muotokuvaus\">Muotokuvaus<\/a> <a href=\"https:\/\/www.studiotaikalyhty.fi\/newsite\/mainos-ja-tapahtumakuvat\/mainos-ja-tuotekuvaukset\/\" target=\"_blank\" rel=\"noopener\" title=\"\">profiilikuvaus<\/a><\/h3>\n\n\n\n<figure class=\"wp-block-image size-large\"><img loading=\"lazy\" decoding=\"async\" width=\"968\" height=\"646\" src=\"https:\/\/www.studiotaikalyhty.fi\/newsite\/wp-content\/uploads\/2021\/02\/DSC0823_l.jpg\" alt=\"\" class=\"wp-image-4430\" srcset=\"https:\/\/www.studiotaikalyhty.fi\/newsite\/wp-content\/uploads\/2021\/02\/DSC0823_l.jpg 968w, https:\/\/www.studiotaikalyhty.fi\/newsite\/wp-content\/uploads\/2021\/02\/DSC0823_l-300x200.jpg 300w, https:\/\/www.studiotaikalyhty.fi\/newsite\/wp-content\/uploads\/2021\/02\/DSC0823_l-768x513.jpg 768w\" sizes=\"auto, (max-width: 968px) 100vw, 968px\" \/><figcaption class=\"wp-element-caption\"><br>Parhaimmillaan muotokuvassa k\u00e4ynti on el\u00e4mys; eheytt\u00e4v\u00e4 matka minuuteen.; muotokuvaus muuten vaan tai t\u00e4yden kympin kuva itsest\u00e4si, teist\u00e4 yhdess\u00e4 tai koko perheen kanssa; CV-kuvaus, profiilikuvaus tai edustuskuvaus &#8211; rakkaalla lapsella on monta nime\u00e4; kihlakuvaus rakastuneesta nuoresta parista;&nbsp;yhteiskuva koko perheest\u00e4 tai rakkaan lemmikin kanssa tai seniorikuvaus, johon tallentuu isovanhemman katseen lempeys. Me kaikki olemme muotokuvassa k\u00e4ynnin arvoisia! <br>Olipa kuvaustarpeesi mik\u00e4 tahansa, annan ammattitaitoni k\u00e4ytt\u00f6\u00f6si, ett\u00e4 saamme sinusta ja l\u00e4heisist\u00e4si mahdollisimman rennot, omann\u00e4k\u00f6iset ja edustavat kuvat. <br>Katso lis\u00e4\u00e4 kuvia <a href=\"https:\/\/www.studiotaikalyhty.fi\/newsite\/muotokuvat\/\" title=\"Muotokuvagalleria\">Muotokuvagalleriasta<\/a> <br><br>Asiakkaiden kommentteja kuvauksen j\u00e4lkeen<br><em>Nyt oli paha. Oli niin monta hyv\u00e4\u00e4&#8230;.<\/em><\/figcaption><\/figure>\n\n\n\n<p><\/p>\n\n\n\n<p><\/p>\n\n\n\n<p><\/p>\n\n\n\n<h3 class=\"wp-block-heading\"><a href=\"https:\/\/www.studiotaikalyhty.fi\/newsite\/haakuvat\/\" title=\"H\u00e4\u00e4kuvaus \">H\u00e4\u00e4kuvaus <\/a><\/h3>\n\n\n\n<figure class=\"wp-block-gallery has-nested-images columns-default is-cropped wp-block-gallery-4 is-layout-flex wp-block-gallery-is-layout-flex\">\n<figure class=\"wp-block-image size-large\"><a href=\"https:\/\/www.studiotaikalyhty.fi\/newsite\/haakuvat\/\"><img loading=\"lazy\" decoding=\"async\" width=\"646\" height=\"830\" data-id=\"4545\" src=\"https:\/\/www.studiotaikalyhty.fi\/newsite\/wp-content\/uploads\/2021\/04\/DSC2988-3.jpg\" alt=\"\" class=\"wp-image-4545\" srcset=\"https:\/\/www.studiotaikalyhty.fi\/newsite\/wp-content\/uploads\/2021\/04\/DSC2988-3.jpg 646w, https:\/\/www.studiotaikalyhty.fi\/newsite\/wp-content\/uploads\/2021\/04\/DSC2988-3-233x300.jpg 233w\" sizes=\"auto, (max-width: 646px) 100vw, 646px\" \/><\/a><\/figure>\n\n\n\n<figure class=\"wp-block-image size-large\"><img loading=\"lazy\" decoding=\"async\" width=\"787\" height=\"984\" data-id=\"4546\" src=\"https:\/\/www.studiotaikalyhty.fi\/newsite\/wp-content\/uploads\/2021\/04\/DSC8275_-1.jpg\" alt=\"\" class=\"wp-image-4546\" srcset=\"https:\/\/www.studiotaikalyhty.fi\/newsite\/wp-content\/uploads\/2021\/04\/DSC8275_-1.jpg 787w, https:\/\/www.studiotaikalyhty.fi\/newsite\/wp-content\/uploads\/2021\/04\/DSC8275_-1-240x300.jpg 240w, https:\/\/www.studiotaikalyhty.fi\/newsite\/wp-content\/uploads\/2021\/04\/DSC8275_-1-768x960.jpg 768w\" sizes=\"auto, (max-width: 787px) 100vw, 787px\" \/><\/figure>\n\n\n\n<figure class=\"wp-block-image size-large\"><img loading=\"lazy\" decoding=\"async\" width=\"646\" height=\"861\" data-id=\"4544\" src=\"https:\/\/www.studiotaikalyhty.fi\/newsite\/wp-content\/uploads\/2021\/04\/DSC1862-2.jpg\" alt=\"\" class=\"wp-image-4544\" srcset=\"https:\/\/www.studiotaikalyhty.fi\/newsite\/wp-content\/uploads\/2021\/04\/DSC1862-2.jpg 646w, https:\/\/www.studiotaikalyhty.fi\/newsite\/wp-content\/uploads\/2021\/04\/DSC1862-2-225x300.jpg 225w\" sizes=\"auto, (max-width: 646px) 100vw, 646px\" \/><\/figure>\n<\/figure>\n\n\n\n<div class=\"wp-block-group\"><div class=\"wp-block-group__inner-container is-layout-flow wp-block-group-is-layout-flow\">\n<h5 class=\"wp-block-heading\">H\u00e4\u00e4kuvat \u2013 onnen hetki\u00e4 el\u00e4m\u00e4nne t\u00e4rkeimm\u00e4st\u00e4 juhlasta.<\/h5>\n\n\n\n<p>H\u00e4\u00e4kuvat kertovat koko h\u00e4\u00e4p\u00e4iv\u00e4nne tarinan alkaen juhlaan valmistautumisesta ja p\u00e4\u00e4ttyen tanssiorkesterin viimeisiin tahteihin. <a href=\"https:\/\/www.studiotaikalyhty.fi\/newsite\/muotokuvat\/haakuvat\/\" title=\"Lue lis\u00e4\u00e4\">Lue lis\u00e4\u00e4<\/a> <\/p>\n\n\n\n<p>Asiakkaiden kommentteja kuvauksen j\u00e4lkeen<\/p>\n\n\n\n<p><em>Apua, niin upeat kuvat. Syd\u00e4n pakahtuu. Voisin tilata kaikki isoina kuvina.\ud83d\ude02<\/em><\/p>\n\n\n\n<p><\/p>\n<\/div><\/div>\n\n\n\n<div class=\"wp-block-group\"><div class=\"wp-block-group__inner-container is-layout-flow wp-block-group-is-layout-flow\">\n<h3 class=\"wp-block-heading\">Studio<\/h3>\n<\/div><\/div>\n\n\n\n<p>Avara studiotila sijaitsee Lappeenrannan Lauritsalassa, osoitteessa Karjalantie 25. Studiolle on esteet\u00f6n k\u00e4ynti ja autolle iso, ilmainen parkkipaikka.<\/p>\n\n\n\n<p>Lue kuvauksista lis\u00e4\u00e4<a href=\"https:\/\/www.studiotaikalyhty.fi\/newsite\/blogi\/\" title=\" Blogista\"> Blogista<\/a>:<\/p>\n\n\n\n<figure class=\"wp-block-image size-full\"><a href=\"https:\/\/www.studiotaikalyhty.fi\/newsite\/wp-content\/uploads\/2025\/06\/DSC0387_net.jpg\"><img loading=\"lazy\" decoding=\"async\" width=\"995\" height=\"622\" src=\"https:\/\/www.studiotaikalyhty.fi\/newsite\/wp-content\/uploads\/2025\/06\/DSC0387_net.jpg\" alt=\"\" class=\"wp-image-5181\" srcset=\"https:\/\/www.studiotaikalyhty.fi\/newsite\/wp-content\/uploads\/2025\/06\/DSC0387_net.jpg 995w, https:\/\/www.studiotaikalyhty.fi\/newsite\/wp-content\/uploads\/2025\/06\/DSC0387_net-300x188.jpg 300w, https:\/\/www.studiotaikalyhty.fi\/newsite\/wp-content\/uploads\/2025\/06\/DSC0387_net-768x480.jpg 768w\" sizes=\"auto, (max-width: 995px) 100vw, 995px\" \/><\/a><figcaption class=\"wp-element-caption\">Studio Taikalyhty Lauritsalassa sijaitsee ihan Lauritsalantien vieress\u00e4<\/figcaption><\/figure>\n","protected":false},"excerpt":{"rendered":"<p>T\u00e4n\u00e4\u00e4n arvokas, on huomisen rakkain muisto. Studio Taikalyhty on koko perheen ihmisl\u00e4heinen Valokuvaamo.\u00a0 Kuvaan perheenne muotokuvat vauvasta vaariin joko studiossa, milj\u00f6\u00f6ss\u00e4 tai juhlapaikalla! \u00a0 Haluan taltioida kuviinne aidon, teid\u00e4n n\u00e4k\u00f6isen tunnelman, jonka kuvamuistot s\u00e4ilyv\u00e4t vuosien p\u00e4\u00e4h\u00e4n.\u00a0Otathan rohkeasti yhteytt\u00e4 niin suunnitellaan teid\u00e4n n\u00e4k\u00f6isenne kuvaus yhdess\u00e4. Soita tai laita viesti\u00e4 050 5011569 \/\u00a0 pia@studiotaikalyhty.fi Perhekuvausten lis\u00e4ksi saat&hellip; <a class=\"more-link\" href=\"https:\/\/www.studiotaikalyhty.fi\/newsite\/\">Jatka lukemista <span class=\"screen-reader-text\">Studio Taikalyhty<\/span><\/a><\/p>\n","protected":false},"author":3,"featured_media":4135,"parent":0,"menu_order":0,"comment_status":"closed","ping_status":"closed","template":"","meta":{"footnotes":""},"class_list":["post-516","page","type-page","status-publish","has-post-thumbnail","hentry","entry"],"aioseo_notices":[],"_links":{"self":[{"href":"https:\/\/www.studiotaikalyhty.fi\/newsite\/wp-json\/wp\/v2\/pages\/516","targetHints":{"allow":["GET"]}}],"collection":[{"href":"https:\/\/www.studiotaikalyhty.fi\/newsite\/wp-json\/wp\/v2\/pages"}],"about":[{"href":"https:\/\/www.studiotaikalyhty.fi\/newsite\/wp-json\/wp\/v2\/types\/page"}],"author":[{"embeddable":true,"href":"https:\/\/www.studiotaikalyhty.fi\/newsite\/wp-json\/wp\/v2\/users\/3"}],"replies":[{"embeddable":true,"href":"https:\/\/www.studiotaikalyhty.fi\/newsite\/wp-json\/wp\/v2\/comments?post=516"}],"version-history":[{"count":183,"href":"https:\/\/www.studiotaikalyhty.fi\/newsite\/wp-json\/wp\/v2\/pages\/516\/revisions"}],"predecessor-version":[{"id":5219,"href":"https:\/\/www.studiotaikalyhty.fi\/newsite\/wp-json\/wp\/v2\/pages\/516\/revisions\/5219"}],"wp:featuredmedia":[{"embeddable":true,"href":"https:\/\/www.studiotaikalyhty.fi\/newsite\/wp-json\/wp\/v2\/media\/4135"}],"wp:attachment":[{"href":"https:\/\/www.studiotaikalyhty.fi\/newsite\/wp-json\/wp\/v2\/media?parent=516"}],"curies":[{"name":"wp","href":"https:\/\/api.w.org\/{rel}","templated":true}]}}